{"id":9628,"date":"2025-08-16T21:27:52","date_gmt":"2025-08-16T20:27:52","guid":{"rendered":"https:\/\/pepeurope.net\/?post_type=product&#038;p=9628"},"modified":"2026-02-23T18:16:31","modified_gmt":"2026-02-23T17:16:31","slug":"sleep-and-slim-pack","status":"publish","type":"product","link":"https:\/\/pepeurope.net\/en\/product\/sleep-and-slim-pack\/","title":{"rendered":"Sleep and Slim Pack (weight control \/ sleep regeneration)"},"content":{"rendered":"<h3><b>\ud83d\udc89Sleep and Slim Pack<\/b><b>\u00a0(kontrola wagi \/ regeneracja snu)<\/b><\/h3>\n<p class=\"p3\"><span class=\"s2\"><b>Contents:<\/b><\/span> Reta 10 mg (appetite\/fat burning) + Sleep Restore (sleep\/recovery)<\/p>\n<h3><b>Product description<\/b><\/h3>\n<p class=\"p3\">Sleep and Slim Pack \u0142\u0105czy peptyd Reta z formu\u0142\u0105 Sleep Restore, wspieraj\u0105c\u0105 badania nad snem i regeneracj\u0105 organizmu. Zestaw pozwala bada\u0107 powi\u0105zania mi\u0119dzy jako\u015bci\u0105 snu a kontrol\u0105 wagi.<\/p>\n<p class=\"p1\">\ud83d\udc49 <i>The kit allows you to test for weight loss while improving sleep quality \u2013 so fat burning is not associated with impaired nighttime regeneration.<\/i><\/p>\n<h3><b>Potential action (based on scientific research)<\/b><\/h3>\n<ul>\n<li>\n<p class=\"p1\">Weight loss and appetite regulation<\/p>\n<\/li>\n<li>\n<p class=\"p1\">Improving sleep quality<\/p>\n<\/li>\n<li>\n<p class=\"p1\">Regeneration of the nervous system<\/p>\n<\/li>\n<li>\n<p class=\"p1\">Supporting metabolic homeostasis<\/p>\n<\/li>\n<\/ul>\n<h3><b>Application<\/b><\/h3>\n<p class=\"p3\">Used in studies on the effects of sleep and regeneration on metabolism, weight control and energy processes.<\/p>\n<h3><b>Additional information<\/b><\/h3>\n<ul>\n<li>\n<p class=\"p1\"><span class=\"s1\"><b>Name:<\/b><\/span> Reta + Sleep Restore<\/p>\n<\/li>\n<li>\n<p class=\"p1\"><span class=\"s1\"><b>Form:<\/b><\/span> lyophilisate<\/p>\n<\/li>\n<li>\n<p class=\"p1\"><span class=\"s1\"><b>Cleanliness:<\/b><\/span> \u2265 98% (HPLC)<\/p>\n<\/li>\n<li>\n<p class=\"p1\"><span class=\"s1\"><b>Classification:<\/b><\/span> Chemical reagents<\/p>\n<\/li>\n<\/ul>\n<p class=\"p3\">\u26a0\ufe0f The product is not intended for human consumption.<\/p>","protected":false},"excerpt":{"rendered":"<p class=\"p1\">Sleep and Slim Pack \u0142\u0105czy peptyd Reta z formu\u0142\u0105 Sleep Restore, wspieraj\u0105c\u0105 badania nad snem i regeneracj\u0105 organizmu. Zestaw pozwala bada\u0107 powi\u0105zania mi\u0119dzy jako\u015bci\u0105 snu a kontrol\u0105 wagi.<\/p>","protected":false},"featured_media":9629,"comment_status":"open","ping_status":"closed","template":"","meta":[],"product_brand":[],"product_cat":[1772,96,97,99],"product_tag":[850,852,844,836,843,835,846,847,837,851,816,842,841,825,767,838,848,833,123,853,845,849,839,834,840],"class_list":{"0":"post-9628","1":"product","2":"type-product","3":"status-publish","4":"has-post-thumbnail","6":"product_cat-peptides-slimlife","7":"product_cat-peptydy-longlife","8":"product_cat-peptydy-odchudzajace","9":"product_cat-wszystkie-produkty","10":"product_tag-apetyt-kontrolowany-peptyd","11":"product_tag-badania-laboratoryjne","12":"product_tag-badania-nad-cukrzyca","13":"product_tag-badania-nad-otyloscia","14":"product_tag-glp-1-analogi","15":"product_tag-glp-1-peptydy","16":"product_tag-glukagonopodobny-peptyd-1","17":"product_tag-hormon-sytosci","18":"product_tag-kontrola-glikemii","19":"product_tag-kontrola-poziomu-cukru","20":"product_tag-peptideeurope","21":"product_tag-peptydy-badawcze","22":"product_tag-peptydy-dla-nauki","23":"product_tag-peptydy-do-badan-naukowych","24":"product_tag-peptydy-na-odchudzanie","25":"product_tag-redukcja-apetytu","26":"product_tag-redukcja-masy-ciala","27":"product_tag-sema-10-mg","28":"product_tag-sema-10mg","29":"product_tag-sema-10mg-polska","30":"product_tag-sema-peptyd","31":"product_tag-semaglutide-like","32":"product_tag-semaglutide-research","33":"product_tag-semaglutyd-analog","34":"product_tag-stabilna-utrata-wagi","37":"instock","38":"sale","39":"shipping-taxable","40":"purchasable","41":"product-type-simple"},"_links":{"self":[{"href":"https:\/\/pepeurope.net\/en\/wp-json\/wp\/v2\/product\/9628","targetHints":{"allow":["GET"]}}],"collection":[{"href":"https:\/\/pepeurope.net\/en\/wp-json\/wp\/v2\/product"}],"about":[{"href":"https:\/\/pepeurope.net\/en\/wp-json\/wp\/v2\/types\/product"}],"replies":[{"embeddable":true,"href":"https:\/\/pepeurope.net\/en\/wp-json\/wp\/v2\/comments?post=9628"}],"version-history":[{"count":6,"href":"https:\/\/pepeurope.net\/en\/wp-json\/wp\/v2\/product\/9628\/revisions"}],"predecessor-version":[{"id":10986,"href":"https:\/\/pepeurope.net\/en\/wp-json\/wp\/v2\/product\/9628\/revisions\/10986"}],"wp:featuredmedia":[{"embeddable":true,"href":"https:\/\/pepeurope.net\/en\/wp-json\/wp\/v2\/media\/9629"}],"wp:attachment":[{"href":"https:\/\/pepeurope.net\/en\/wp-json\/wp\/v2\/media?parent=9628"}],"wp:term":[{"taxonomy":"product_brand","embeddable":true,"href":"https:\/\/pepeurope.net\/en\/wp-json\/wp\/v2\/product_brand?post=9628"},{"taxonomy":"product_cat","embeddable":true,"href":"https:\/\/pepeurope.net\/en\/wp-json\/wp\/v2\/product_cat?post=9628"},{"taxonomy":"product_tag","embeddable":true,"href":"https:\/\/pepeurope.net\/en\/wp-json\/wp\/v2\/product_tag?post=9628"}],"curies":[{"name":"wp","href":"https:\/\/api.w.org\/{rel}","templated":true}]}}